{"id":106,"date":"2020-06-04T18:49:10","date_gmt":"2020-06-04T18:49:10","guid":{"rendered":"https:\/\/financialandlegalconsultant.com\/?page_id=106"},"modified":"2020-06-24T19:39:56","modified_gmt":"2020-06-24T19:39:56","slug":"servicios-financieros","status":"publish","type":"page","link":"https:\/\/financialandlegalconsultant.com\/en\/servicios-financieros\/","title":{"rendered":"Financial services"},"content":{"rendered":"<div data-elementor-type=\"wp-page\" data-elementor-id=\"106\" class=\"elementor elementor-106\">\n\t\t\t\t\t\t<section class=\"elementor-section elementor-top-section elementor-element elementor-element-5a74d893 elementor-section-boxed elementor-section-height-default elementor-section-height-default\" data-id=\"5a74d893\" data-element_type=\"section\" data-e-type=\"section\">\n\t\t\t\t\t\t<div class=\"elementor-container elementor-column-gap-default\">\n\t\t\t\t\t<div class=\"elementor-column elementor-col-100 elementor-top-column elementor-element elementor-element-74b5364a\" data-id=\"74b5364a\" data-element_type=\"column\" data-e-type=\"column\">\n\t\t\t<div class=\"elementor-widget-wrap elementor-element-populated\">\n\t\t\t\t\t\t<div class=\"elementor-element elementor-element-1f638507 eael-dual-header-content-align-center elementor-widget elementor-widget-eael-dual-color-header\" data-id=\"1f638507\" data-element_type=\"widget\" data-e-type=\"widget\" data-widget_type=\"eael-dual-color-header.default\">\n\t\t\t\t<div class=\"elementor-widget-container\">\n\t\t\t\t\t\t\t\t<div class=\"eael-dual-header\">\n\t\t\t\t<h2 class=\"title eael-dch-title\"><span class=\"eael-dch-title-text eael-dch-title-lead lead solid-color\">CICLO COMPLETO DE <\/span> <span class=\"eael-dch-title-text\">CONTABILIDAD<\/span><\/h2>\t\t\t\t\t<span class=\"eael-dch-svg-icon\"><svg xmlns=\"http:\/\/www.w3.org\/2000\/svg\" width=\"59.29\" height=\"59.29\"><g><title>background<\/title><rect fill=\"none\" id=\"canvas_background\" height=\"402\" width=\"582\" y=\"-1\" x=\"-1\"><\/rect><\/g><g><title>Layer 1<\/title><path fill=\"#cca049\" id=\"svg_2\" d=\"m59.29,17.145l-9.29,0l0,-4l-25.307,0l-3,-8l-21.693,0l0,49l50,0l0,-0.873l9.29,-36.127zm-2.58,2l-6.71,26.096l0,-26.096l6.71,0zm-54.71,-12l18.307,0l3,8l24.693,0l0,2l0,35l-46,0l0,-45z\"><\/path><path fill=\"#cca049\" id=\"svg_3\" d=\"m6,48.145l24,0l0,-15l-24,0l0,15zm2,-13l20,0l0,11l-20,0l0,-11z\"><\/path><path fill=\"#cca049\" id=\"svg_4\" d=\"m20,42.145l-9,0c-0.553,0 -1,0.447 -1,1s0.447,1 1,1l9,0c0.553,0 1,-0.447 1,-1s-0.447,-1 -1,-1z\"><\/path><path fill=\"#cca049\" id=\"svg_5\" d=\"m11,39.145l4,0c0.553,0 1,-0.447 1,-1s-0.447,-1 -1,-1l-4,0c-0.553,0 -1,0.447 -1,1s0.447,1 1,1z\"><\/path><path fill=\"#cca049\" id=\"svg_6\" d=\"m25,37.145l-2,0c-0.553,0 -1,0.447 -1,1s0.447,1 1,1l2,0c0.553,0 1,-0.447 1,-1s-0.447,-1 -1,-1z\"><\/path><path fill=\"#cca049\" id=\"svg_7\" d=\"m23.29,42.435c-0.181,0.189 -0.29,0.439 -0.29,0.71c0,0.27 0.109,0.52 0.29,0.7c0.189,0.189 0.439,0.3 0.71,0.3c0.26,0 0.52,-0.11 0.71,-0.29c0.18,-0.19 0.29,-0.45 0.29,-0.71s-0.11,-0.521 -0.29,-0.71c-0.37,-0.37 -1.05,-0.37 -1.42,0z\"><\/path><path fill=\"#cca049\" id=\"svg_8\" d=\"m19,39.145c0.26,0 0.52,-0.11 0.71,-0.29c0.18,-0.19 0.29,-0.45 0.29,-0.71c0,-0.271 -0.11,-0.521 -0.29,-0.71c-0.37,-0.37 -1.061,-0.37 -1.42,0c-0.181,0.189 -0.29,0.45 -0.29,0.71s0.109,0.52 0.29,0.71c0.189,0.18 0.45,0.29 0.71,0.29z\"><\/path><\/g><\/svg><\/span>\t\t\t\t\t\t\t<\/div>\n\n\t\t\t\t\t\t<\/div>\n\t\t\t\t<\/div>\n\t\t\t\t\t<\/div>\n\t\t<\/div>\n\t\t\t\t\t<\/div>\n\t\t<\/section>\n\t\t\t\t<section class=\"elementor-section elementor-top-section elementor-element elementor-element-2615872 elementor-section-full_width elementor-section-height-default elementor-section-height-default\" data-id=\"2615872\" data-element_type=\"section\" data-e-type=\"section\">\n\t\t\t\t\t\t<div class=\"elementor-container elementor-column-gap-default\">\n\t\t\t\t\t<div class=\"elementor-column elementor-col-50 elementor-top-column elementor-element elementor-element-32da61a5\" data-id=\"32da61a5\" data-element_type=\"column\" data-e-type=\"column\">\n\t\t\t<div class=\"elementor-widget-wrap elementor-element-populated\">\n\t\t\t\t\t\t<div class=\"elementor-element elementor-element-53131cf9 elementor-position-top elementor-widget elementor-widget-image-box\" data-id=\"53131cf9\" data-element_type=\"widget\" data-e-type=\"widget\" data-widget_type=\"image-box.default\">\n\t\t\t\t<div class=\"elementor-widget-container\">\n\t\t\t\t\t<div class=\"elementor-image-box-wrapper\"><figure class=\"elementor-image-box-img\"><img fetchpriority=\"high\" decoding=\"async\" width=\"1920\" height=\"1131\" src=\"https:\/\/financialandlegalconsultant.com\/wp-content\/uploads\/2020\/06\/calculator-385506_1920.jpg\" class=\"attachment-full size-full wp-image-546\" alt=\"\" srcset=\"https:\/\/financialandlegalconsultant.com\/wp-content\/uploads\/2020\/06\/calculator-385506_1920.jpg 1920w, https:\/\/financialandlegalconsultant.com\/wp-content\/uploads\/2020\/06\/calculator-385506_1920-300x177.jpg 300w, https:\/\/financialandlegalconsultant.com\/wp-content\/uploads\/2020\/06\/calculator-385506_1920-1024x603.jpg 1024w, https:\/\/financialandlegalconsultant.com\/wp-content\/uploads\/2020\/06\/calculator-385506_1920-768x452.jpg 768w, https:\/\/financialandlegalconsultant.com\/wp-content\/uploads\/2020\/06\/calculator-385506_1920-1536x905.jpg 1536w\" sizes=\"(max-width: 1920px) 100vw, 1920px\" \/><\/figure><\/div>\t\t\t\t<\/div>\n\t\t\t\t<\/div>\n\t\t\t\t\t<\/div>\n\t\t<\/div>\n\t\t\t\t<div class=\"elementor-column elementor-col-50 elementor-top-column elementor-element elementor-element-78ce8f12\" data-id=\"78ce8f12\" data-element_type=\"column\" data-e-type=\"column\">\n\t\t\t<div class=\"elementor-widget-wrap elementor-element-populated\">\n\t\t\t\t\t\t<div class=\"elementor-element elementor-element-5654ad3d elementor-widget elementor-widget-eael-adv-accordion\" data-id=\"5654ad3d\" data-element_type=\"widget\" data-e-type=\"widget\" data-widget_type=\"eael-adv-accordion.default\">\n\t\t\t\t<div class=\"elementor-widget-container\">\n\t\t\t\t\t            <div class=\"eael-adv-accordion\" id=\"eael-adv-accordion-5654ad3d\" data-scroll-on-click=\"no\" data-scroll-speed=\"300\" data-accordion-id=\"5654ad3d\" data-accordion-type=\"accordion\" data-toogle-speed=\"300\">\n            <div class=\"eael-accordion-list\">\n\t\t\t\t\t<div id=\"ciclo-completo-de-contabilidad\" class=\"elementor-tab-title eael-accordion-header\" tabindex=\"0\" data-tab=\"1\" aria-controls=\"elementor-tab-content-1441\"><span class=\"eael-advanced-accordion-icon-closed\"><i aria-hidden=\"true\" class=\"fa-accordion-icon fas fa-plus\"><\/i><\/span><span class=\"eael-advanced-accordion-icon-opened\"><i aria-hidden=\"true\" class=\"fa-accordion-icon fas fa-minus\"><\/i><\/span><span class=\"eael-accordion-tab-title\">CICLO COMPLETO DE CONTABILIDAD<\/span><i aria-hidden=\"true\" class=\"fa-toggle fas fa-angle-right\"><\/i><\/div><div id=\"elementor-tab-content-1441\" class=\"eael-accordion-content clearfix\" data-tab=\"1\" aria-labelledby=\"ciclo-completo-de-contabilidad\"><p>This service consists of independently carrying out the analysis, interpretation and recording of all the client's financial transactions, including the preparation of financial statements for the internal use of the company and more.<\/p><p>\u00a0<\/p><\/div>\n\t\t\t\t\t<\/div><div class=\"eael-accordion-list\">\n\t\t\t\t\t<div id=\"auditorias\" class=\"elementor-tab-title eael-accordion-header\" tabindex=\"0\" data-tab=\"2\" aria-controls=\"elementor-tab-content-1442\"><span class=\"eael-advanced-accordion-icon-closed\"><i aria-hidden=\"true\" class=\"fa-accordion-icon fas fa-plus\"><\/i><\/span><span class=\"eael-advanced-accordion-icon-opened\"><i aria-hidden=\"true\" class=\"fa-accordion-icon fas fa-minus\"><\/i><\/span><span class=\"eael-accordion-tab-title\">AUDITS<\/span><i aria-hidden=\"true\" class=\"fa-toggle fas fa-angle-right\"><\/i><\/div><div id=\"elementor-tab-content-1442\" class=\"eael-accordion-content clearfix\" data-tab=\"2\" aria-labelledby=\"auditorias\"><p>This service is mainly intended for examining the financial statements of private and official entities, complying with the highest ethical and technical standards that govern the profession of public accountant in the Republic of Panama. It also includes:\u00a0<\/p><ul><li>Audit of financial statements<\/li><li>Review of financial statements<\/li><li>Compilation of financial statements<\/li><li>Compliance and forensic audit<\/li><li>Agreed procedures<\/li><\/ul><\/div>\n\t\t\t\t\t<\/div><div class=\"eael-accordion-list\">\n\t\t\t\t\t<div id=\"declaraciones-de-renta-\" class=\"elementor-tab-title eael-accordion-header\" tabindex=\"0\" data-tab=\"3\" aria-controls=\"elementor-tab-content-1443\"><span class=\"eael-advanced-accordion-icon-closed\"><i aria-hidden=\"true\" class=\"fa-accordion-icon fas fa-plus\"><\/i><\/span><span class=\"eael-advanced-accordion-icon-opened\"><i aria-hidden=\"true\" class=\"fa-accordion-icon fas fa-minus\"><\/i><\/span><span class=\"eael-accordion-tab-title\">INCOME TAX RETURNS <\/span><i aria-hidden=\"true\" class=\"fa-toggle fas fa-angle-right\"><\/i><\/div><div id=\"elementor-tab-content-1443\" class=\"eael-accordion-content clearfix\" data-tab=\"3\" aria-labelledby=\"declaraciones-de-renta-\"><p>We prepare the Income Tax settlements, both for individuals and legal entities (including Colon Free Zone and other special regimes).\u00a0<\/p><\/div>\n\t\t\t\t\t<\/div><div class=\"eael-accordion-list\">\n\t\t\t\t\t<div id=\"pago-de-tributos\" class=\"elementor-tab-title eael-accordion-header\" tabindex=\"0\" data-tab=\"4\" aria-controls=\"elementor-tab-content-1444\"><span class=\"eael-advanced-accordion-icon-closed\"><i aria-hidden=\"true\" class=\"fa-accordion-icon fas fa-plus\"><\/i><\/span><span class=\"eael-advanced-accordion-icon-opened\"><i aria-hidden=\"true\" class=\"fa-accordion-icon fas fa-minus\"><\/i><\/span><span class=\"eael-accordion-tab-title\">PAYMENT OF TAXES<\/span><i aria-hidden=\"true\" class=\"fa-toggle fas fa-angle-right\"><\/i><\/div><div id=\"elementor-tab-content-1444\" class=\"eael-accordion-content clearfix\" data-tab=\"4\" aria-labelledby=\"pago-de-tributos\"><p>We prepare the settlement, presentation and payment of all national or municipal taxes. We prepare the Sworn Declaration of the Tax on the Transfer of Personal Property and the Provision of Services (ITBMS).\u00a0<\/p><\/div>\n\t\t\t\t\t<\/div><div class=\"eael-accordion-list\">\n\t\t\t\t\t<div id=\"asesoramiento-tributario\" class=\"elementor-tab-title eael-accordion-header\" tabindex=\"0\" data-tab=\"5\" aria-controls=\"elementor-tab-content-1445\"><span class=\"eael-advanced-accordion-icon-closed\"><i aria-hidden=\"true\" class=\"fa-accordion-icon fas fa-plus\"><\/i><\/span><span class=\"eael-advanced-accordion-icon-opened\"><i aria-hidden=\"true\" class=\"fa-accordion-icon fas fa-minus\"><\/i><\/span><span class=\"eael-accordion-tab-title\">TAX ADVICE<\/span><i aria-hidden=\"true\" class=\"fa-toggle fas fa-angle-right\"><\/i><\/div><div id=\"elementor-tab-content-1445\" class=\"eael-accordion-content clearfix\" data-tab=\"5\" aria-labelledby=\"asesoramiento-tributario\"><p>Ofrecemos los servicios de asesor\u00eda Tributaria en las \u00e1reas de \u00abRetainer Fee\u00bb, los cuales se ajustan a las necesidades y demandas de nuestros clientes.\u00a0<\/p><\/div>\n\t\t\t\t\t<\/div><div class=\"eael-accordion-list\">\n\t\t\t\t\t<div id=\"asesoramiento-para-gestiones-en-el-mef-\" class=\"elementor-tab-title eael-accordion-header\" tabindex=\"0\" data-tab=\"6\" aria-controls=\"elementor-tab-content-1446\"><span class=\"eael-advanced-accordion-icon-closed\"><i aria-hidden=\"true\" class=\"fa-accordion-icon fas fa-plus\"><\/i><\/span><span class=\"eael-advanced-accordion-icon-opened\"><i aria-hidden=\"true\" class=\"fa-accordion-icon fas fa-minus\"><\/i><\/span><span class=\"eael-accordion-tab-title\">ADVICE FOR MANAGEMENT IN THE MEF, ...<\/span><i aria-hidden=\"true\" class=\"fa-toggle fas fa-angle-right\"><\/i><\/div><div id=\"elementor-tab-content-1446\" class=\"eael-accordion-content clearfix\" data-tab=\"6\" aria-labelledby=\"asesoramiento-para-gestiones-en-el-mef-\"><p>We provide advice and permanent attention to go on your behalf and representation before the tax authorities, and attend to any management that they need to face.\u00a0<\/p><\/div>\n\t\t\t\t\t<\/div><\/div>\t\t\t\t<\/div>\n\t\t\t\t<\/div>\n\t\t\t\t\t<\/div>\n\t\t<\/div>\n\t\t\t\t\t<\/div>\n\t\t<\/section>\n\t\t\t\t<section class=\"elementor-section elementor-top-section elementor-element elementor-element-7b603cce elementor-section-boxed elementor-section-height-default elementor-section-height-default\" data-id=\"7b603cce\" data-element_type=\"section\" data-e-type=\"section\">\n\t\t\t\t\t\t<div class=\"elementor-container elementor-column-gap-default\">\n\t\t\t\t\t<div class=\"elementor-column elementor-col-100 elementor-top-column elementor-element elementor-element-3121b2e1\" data-id=\"3121b2e1\" data-element_type=\"column\" data-e-type=\"column\" data-settings=\"{&quot;background_background&quot;:&quot;classic&quot;}\">\n\t\t\t<div class=\"elementor-widget-wrap elementor-element-populated\">\n\t\t\t\t\t\t<div class=\"elementor-element elementor-element-399dfe34 elementor-widget elementor-widget-eael-cta-box\" data-id=\"399dfe34\" data-element_type=\"widget\" data-e-type=\"widget\" data-widget_type=\"eael-cta-box.default\">\n\t\t\t\t<div class=\"elementor-widget-container\">\n\t\t\t\t\t\t\t\t\t<div class=\"eael-call-to-action cta-icon-flex bg-img cta-preset-1\">\n\t    <div class=\"icon\">\n\t\t\t\t\t\t\t<i class=\"fas fa-phone-volume\"><\/i>\t    <\/div>\n\t    <div class=\"content\">\n            <h2 class=\"title eael-cta-heading\">Contact us for a consultation<\/h2><p>Use our contact form or call us on our phones to arrange a consultation\u00a0<\/p>\t    <\/div>\n\t    <div class=\"action\">\n            <a href=\"https:\/\/financialandlegalconsultant.com\/en\/?page_id=97\" class=\"cta-button cta-preset-1\">Contact<\/a>\t    <\/div>\n\t<\/div>\n\t\t\t\t\t\t<\/div>\n\t\t\t\t<\/div>\n\t\t\t\t\t<\/div>\n\t\t<\/div>\n\t\t\t\t\t<\/div>\n\t\t<\/section>\n\t\t\t\t<\/div>","protected":false},"excerpt":{"rendered":"<p>CICLO COMPLETO DE CONTABILIDAD CICLO COMPLETO DE CONTABILIDAD Este servicio consiste en realizar de manera independiente el an\u00e1lisis, interpretaci\u00f3n y registro de todas las transacciones financieras del cliente, incluyendo la preparaci\u00f3n de estados financieros para uso interno de la empresa y m\u00e1s \u00a0 AUDITORIAS Este servicio est\u00e1 destinado, principalmente, al examen de estados financieros de entidades particulares y oficiales, cumpliendo con las m\u00e1s altas normas \u00e9ticas y t\u00e9cnicas\u00a0 que rigen la profesi\u00f3n de contador p\u00fablico en la Rep\u00fablica de Panam\u00e1. Tambi\u00e9n incluye:\u00a0 Auditor\u00eda de estados financieros Revisi\u00f3n de estados financieros Compilaci\u00f3n de estados financieros Auditor\u00eda de cumplimiento y forense Procedimientos convenidos DECLARACIONES DE RENTA Elaboramos las liquidaciones del Impuesto sobre la Renta, tanto de las personas naturales, como de las personas jur\u00eddicas (incluyendo Zona Libre de Col\u00f3n y otros reg\u00edmenes especiales).\u00a0 PAGO DE TRIBUTOS Elaboramos la liquidaci\u00f3n, la presentaci\u00f3n y pago de todos los tributos de \u00edndole nacional o municipal.&hellip;<\/p>\n<p> <a class=\"more-link\" href=\"https:\/\/financialandlegalconsultant.com\/en\/servicios-financieros\/\">Read more<\/a><\/p>","protected":false},"author":1,"featured_media":545,"parent":0,"menu_order":0,"comment_status":"closed","ping_status":"closed","template":"","meta":{"footnotes":""},"class_list":["post-106","page","type-page","status-publish","has-post-thumbnail"],"yoast_head":"<!-- This site is optimized with the Yoast SEO plugin v27.4 - https:\/\/yoast.com\/product\/yoast-seo-wordpress\/ -->\n<title>Servicios Financieros - Financial and Legal Consultants<\/title>\n<meta name=\"robots\" content=\"index, follow, max-snippet:-1, max-image-preview:large, max-video-preview:-1\" \/>\n<link rel=\"canonical\" href=\"https:\/\/financialandlegalconsultant.com\/en\/servicios-financieros\/\" \/>\n<meta property=\"og:locale\" content=\"en_US\" \/>\n<meta property=\"og:type\" content=\"article\" \/>\n<meta property=\"og:title\" content=\"Servicios Financieros - Financial and Legal Consultants\" \/>\n<meta property=\"og:description\" content=\"CICLO COMPLETO DE CONTABILIDAD CICLO COMPLETO DE CONTABILIDAD Este servicio consiste en realizar de manera independiente el an\u00e1lisis, interpretaci\u00f3n y registro de todas las transacciones financieras del cliente, incluyendo la preparaci\u00f3n de estados financieros para uso interno de la empresa y m\u00e1s \u00a0 AUDITORIAS Este servicio est\u00e1 destinado, principalmente, al examen de estados financieros de entidades particulares y oficiales, cumpliendo con las m\u00e1s altas normas \u00e9ticas y t\u00e9cnicas\u00a0 que rigen la profesi\u00f3n de contador p\u00fablico en la Rep\u00fablica de Panam\u00e1. Tambi\u00e9n incluye:\u00a0 Auditor\u00eda de estados financieros Revisi\u00f3n de estados financieros Compilaci\u00f3n de estados financieros Auditor\u00eda de cumplimiento y forense Procedimientos convenidos DECLARACIONES DE RENTA Elaboramos las liquidaciones del Impuesto sobre la Renta, tanto de las personas naturales, como de las personas jur\u00eddicas (incluyendo Zona Libre de Col\u00f3n y otros reg\u00edmenes especiales).\u00a0 PAGO DE TRIBUTOS Elaboramos la liquidaci\u00f3n, la presentaci\u00f3n y pago de todos los tributos de \u00edndole nacional o municipal.&hellip;  Read more\" \/>\n<meta property=\"og:url\" content=\"https:\/\/financialandlegalconsultant.com\/en\/servicios-financieros\/\" \/>\n<meta property=\"og:site_name\" content=\"Financial and Legal Consultants\" \/>\n<meta property=\"article:modified_time\" content=\"2020-06-24T19:39:56+00:00\" \/>\n<meta property=\"og:image\" content=\"https:\/\/financialandlegalconsultant.com\/wp-content\/uploads\/2020\/06\/panama2.jpg\" \/>\n\t<meta property=\"og:image:width\" content=\"1919\" \/>\n\t<meta property=\"og:image:height\" content=\"924\" \/>\n\t<meta property=\"og:image:type\" content=\"image\/jpeg\" \/>\n<meta name=\"twitter:card\" content=\"summary_large_image\" \/>\n<meta name=\"twitter:label1\" content=\"Est. reading time\" \/>\n\t<meta name=\"twitter:data1\" content=\"1 minute\" \/>\n<script type=\"application\/ld+json\" class=\"yoast-schema-graph\">{\"@context\":\"https:\\\/\\\/schema.org\",\"@graph\":[{\"@type\":\"WebPage\",\"@id\":\"https:\\\/\\\/financialandlegalconsultant.com\\\/servicios-financieros\\\/\",\"url\":\"https:\\\/\\\/financialandlegalconsultant.com\\\/servicios-financieros\\\/\",\"name\":\"Servicios Financieros - Financial and Legal Consultants\",\"isPartOf\":{\"@id\":\"https:\\\/\\\/financialandlegalconsultant.com\\\/#website\"},\"primaryImageOfPage\":{\"@id\":\"https:\\\/\\\/financialandlegalconsultant.com\\\/servicios-financieros\\\/#primaryimage\"},\"image\":{\"@id\":\"https:\\\/\\\/financialandlegalconsultant.com\\\/servicios-financieros\\\/#primaryimage\"},\"thumbnailUrl\":\"https:\\\/\\\/financialandlegalconsultant.com\\\/wp-content\\\/uploads\\\/2020\\\/06\\\/panama2.jpg\",\"datePublished\":\"2020-06-04T18:49:10+00:00\",\"dateModified\":\"2020-06-24T19:39:56+00:00\",\"breadcrumb\":{\"@id\":\"https:\\\/\\\/financialandlegalconsultant.com\\\/servicios-financieros\\\/#breadcrumb\"},\"inLanguage\":\"en-US\",\"potentialAction\":[{\"@type\":\"ReadAction\",\"target\":[\"https:\\\/\\\/financialandlegalconsultant.com\\\/servicios-financieros\\\/\"]}]},{\"@type\":\"ImageObject\",\"inLanguage\":\"en-US\",\"@id\":\"https:\\\/\\\/financialandlegalconsultant.com\\\/servicios-financieros\\\/#primaryimage\",\"url\":\"https:\\\/\\\/financialandlegalconsultant.com\\\/wp-content\\\/uploads\\\/2020\\\/06\\\/panama2.jpg\",\"contentUrl\":\"https:\\\/\\\/financialandlegalconsultant.com\\\/wp-content\\\/uploads\\\/2020\\\/06\\\/panama2.jpg\",\"width\":1919,\"height\":924},{\"@type\":\"BreadcrumbList\",\"@id\":\"https:\\\/\\\/financialandlegalconsultant.com\\\/servicios-financieros\\\/#breadcrumb\",\"itemListElement\":[{\"@type\":\"ListItem\",\"position\":1,\"name\":\"Home\",\"item\":\"https:\\\/\\\/financialandlegalconsultant.com\\\/\"},{\"@type\":\"ListItem\",\"position\":2,\"name\":\"Servicios Financieros\"}]},{\"@type\":\"WebSite\",\"@id\":\"https:\\\/\\\/financialandlegalconsultant.com\\\/#website\",\"url\":\"https:\\\/\\\/financialandlegalconsultant.com\\\/\",\"name\":\"Financial and Legal Consultants\",\"description\":\"Financial Services in Panama\",\"potentialAction\":[{\"@type\":\"SearchAction\",\"target\":{\"@type\":\"EntryPoint\",\"urlTemplate\":\"https:\\\/\\\/financialandlegalconsultant.com\\\/?s={search_term_string}\"},\"query-input\":{\"@type\":\"PropertyValueSpecification\",\"valueRequired\":true,\"valueName\":\"search_term_string\"}}],\"inLanguage\":\"en-US\"}]}<\/script>\n<!-- \/ Yoast SEO plugin. -->","yoast_head_json":{"title":"Servicios Financieros - Financial and Legal Consultants","robots":{"index":"index","follow":"follow","max-snippet":"max-snippet:-1","max-image-preview":"max-image-preview:large","max-video-preview":"max-video-preview:-1"},"canonical":"https:\/\/financialandlegalconsultant.com\/en\/servicios-financieros\/","og_locale":"en_US","og_type":"article","og_title":"Servicios Financieros - Financial and Legal Consultants","og_description":"CICLO COMPLETO DE CONTABILIDAD CICLO COMPLETO DE CONTABILIDAD Este servicio consiste en realizar de manera independiente el an\u00e1lisis, interpretaci\u00f3n y registro de todas las transacciones financieras del cliente, incluyendo la preparaci\u00f3n de estados financieros para uso interno de la empresa y m\u00e1s \u00a0 AUDITORIAS Este servicio est\u00e1 destinado, principalmente, al examen de estados financieros de entidades particulares y oficiales, cumpliendo con las m\u00e1s altas normas \u00e9ticas y t\u00e9cnicas\u00a0 que rigen la profesi\u00f3n de contador p\u00fablico en la Rep\u00fablica de Panam\u00e1. Tambi\u00e9n incluye:\u00a0 Auditor\u00eda de estados financieros Revisi\u00f3n de estados financieros Compilaci\u00f3n de estados financieros Auditor\u00eda de cumplimiento y forense Procedimientos convenidos DECLARACIONES DE RENTA Elaboramos las liquidaciones del Impuesto sobre la Renta, tanto de las personas naturales, como de las personas jur\u00eddicas (incluyendo Zona Libre de Col\u00f3n y otros reg\u00edmenes especiales).\u00a0 PAGO DE TRIBUTOS Elaboramos la liquidaci\u00f3n, la presentaci\u00f3n y pago de todos los tributos de \u00edndole nacional o municipal.&hellip;  Read more","og_url":"https:\/\/financialandlegalconsultant.com\/en\/servicios-financieros\/","og_site_name":"Financial and Legal Consultants","article_modified_time":"2020-06-24T19:39:56+00:00","og_image":[{"width":1919,"height":924,"url":"https:\/\/financialandlegalconsultant.com\/wp-content\/uploads\/2020\/06\/panama2.jpg","type":"image\/jpeg"}],"twitter_card":"summary_large_image","twitter_misc":{"Est. reading time":"1 minute"},"schema":{"@context":"https:\/\/schema.org","@graph":[{"@type":"WebPage","@id":"https:\/\/financialandlegalconsultant.com\/servicios-financieros\/","url":"https:\/\/financialandlegalconsultant.com\/servicios-financieros\/","name":"Servicios Financieros - Financial and Legal Consultants","isPartOf":{"@id":"https:\/\/financialandlegalconsultant.com\/#website"},"primaryImageOfPage":{"@id":"https:\/\/financialandlegalconsultant.com\/servicios-financieros\/#primaryimage"},"image":{"@id":"https:\/\/financialandlegalconsultant.com\/servicios-financieros\/#primaryimage"},"thumbnailUrl":"https:\/\/financialandlegalconsultant.com\/wp-content\/uploads\/2020\/06\/panama2.jpg","datePublished":"2020-06-04T18:49:10+00:00","dateModified":"2020-06-24T19:39:56+00:00","breadcrumb":{"@id":"https:\/\/financialandlegalconsultant.com\/servicios-financieros\/#breadcrumb"},"inLanguage":"en-US","potentialAction":[{"@type":"ReadAction","target":["https:\/\/financialandlegalconsultant.com\/servicios-financieros\/"]}]},{"@type":"ImageObject","inLanguage":"en-US","@id":"https:\/\/financialandlegalconsultant.com\/servicios-financieros\/#primaryimage","url":"https:\/\/financialandlegalconsultant.com\/wp-content\/uploads\/2020\/06\/panama2.jpg","contentUrl":"https:\/\/financialandlegalconsultant.com\/wp-content\/uploads\/2020\/06\/panama2.jpg","width":1919,"height":924},{"@type":"BreadcrumbList","@id":"https:\/\/financialandlegalconsultant.com\/servicios-financieros\/#breadcrumb","itemListElement":[{"@type":"ListItem","position":1,"name":"Home","item":"https:\/\/financialandlegalconsultant.com\/"},{"@type":"ListItem","position":2,"name":"Servicios Financieros"}]},{"@type":"WebSite","@id":"https:\/\/financialandlegalconsultant.com\/#website","url":"https:\/\/financialandlegalconsultant.com\/","name":"Financial and Legal Consultants","description":"Financial Services in Panama","potentialAction":[{"@type":"SearchAction","target":{"@type":"EntryPoint","urlTemplate":"https:\/\/financialandlegalconsultant.com\/?s={search_term_string}"},"query-input":{"@type":"PropertyValueSpecification","valueRequired":true,"valueName":"search_term_string"}}],"inLanguage":"en-US"}]}},"_links":{"self":[{"href":"https:\/\/financialandlegalconsultant.com\/en\/wp-json\/wp\/v2\/pages\/106","targetHints":{"allow":["GET"]}}],"collection":[{"href":"https:\/\/financialandlegalconsultant.com\/en\/wp-json\/wp\/v2\/pages"}],"about":[{"href":"https:\/\/financialandlegalconsultant.com\/en\/wp-json\/wp\/v2\/types\/page"}],"author":[{"embeddable":true,"href":"https:\/\/financialandlegalconsultant.com\/en\/wp-json\/wp\/v2\/users\/1"}],"replies":[{"embeddable":true,"href":"https:\/\/financialandlegalconsultant.com\/en\/wp-json\/wp\/v2\/comments?post=106"}],"version-history":[{"count":5,"href":"https:\/\/financialandlegalconsultant.com\/en\/wp-json\/wp\/v2\/pages\/106\/revisions"}],"predecessor-version":[{"id":2437,"href":"https:\/\/financialandlegalconsultant.com\/en\/wp-json\/wp\/v2\/pages\/106\/revisions\/2437"}],"wp:featuredmedia":[{"embeddable":true,"href":"https:\/\/financialandlegalconsultant.com\/en\/wp-json\/wp\/v2\/media\/545"}],"wp:attachment":[{"href":"https:\/\/financialandlegalconsultant.com\/en\/wp-json\/wp\/v2\/media?parent=106"}],"curies":[{"name":"wp","href":"https:\/\/api.w.org\/{rel}","templated":true}]}}