{"id":86,"date":"2020-06-04T18:38:03","date_gmt":"2020-06-04T18:38:03","guid":{"rendered":"https:\/\/financialandlegalconsultant.com\/?page_id=86"},"modified":"2023-09-22T02:48:16","modified_gmt":"2023-09-22T02:48:16","slug":"quienes-somos","status":"publish","type":"page","link":"https:\/\/financialandlegalconsultant.com\/en\/quienes-somos\/","title":{"rendered":"About us"},"content":{"rendered":"<div data-elementor-type=\"wp-page\" data-elementor-id=\"86\" class=\"elementor elementor-86\">\n\t\t\t\t\t\t<section class=\"elementor-section elementor-top-section elementor-element elementor-element-4fbb839 elementor-section-boxed elementor-section-height-default elementor-section-height-default\" data-id=\"4fbb839\" data-element_type=\"section\" data-e-type=\"section\">\n\t\t\t\t\t\t<div class=\"elementor-container elementor-column-gap-default\">\n\t\t\t\t\t<div class=\"elementor-column elementor-col-100 elementor-top-column elementor-element elementor-element-0bc78f8\" data-id=\"0bc78f8\" data-element_type=\"column\" data-e-type=\"column\">\n\t\t\t<div class=\"elementor-widget-wrap elementor-element-populated\">\n\t\t\t\t\t\t<div class=\"elementor-element elementor-element-f22301f elementor-widget elementor-widget-heading\" data-id=\"f22301f\" data-element_type=\"widget\" data-e-type=\"widget\" data-widget_type=\"heading.default\">\n\t\t\t\t<div class=\"elementor-widget-container\">\n\t\t\t\t\t<h5 class=\"elementor-heading-title elementor-size-default\">financial &amp; legal consultant int.<\/h5>\t\t\t\t<\/div>\n\t\t\t\t<\/div>\n\t\t\t\t\t<\/div>\n\t\t<\/div>\n\t\t\t\t\t<\/div>\n\t\t<\/section>\n\t\t\t\t<section class=\"elementor-section elementor-top-section elementor-element elementor-element-1171c531 elementor-section-content-middle elementor-section-boxed elementor-section-height-default elementor-section-height-default\" data-id=\"1171c531\" data-element_type=\"section\" data-e-type=\"section\">\n\t\t\t\t\t\t<div class=\"elementor-container elementor-column-gap-no\">\n\t\t\t\t\t<div class=\"elementor-column elementor-col-100 elementor-top-column elementor-element elementor-element-44499d1e\" data-id=\"44499d1e\" data-element_type=\"column\" data-e-type=\"column\">\n\t\t\t<div class=\"elementor-widget-wrap elementor-element-populated\">\n\t\t\t\t\t\t<div class=\"elementor-element elementor-element-465da867 elementor-widget elementor-widget-image\" data-id=\"465da867\" data-element_type=\"widget\" data-e-type=\"widget\" data-widget_type=\"image.default\">\n\t\t\t\t<div class=\"elementor-widget-container\">\n\t\t\t\t\t\t\t\t\t\t\t\t\t\t\t<img fetchpriority=\"high\" decoding=\"async\" width=\"1920\" height=\"1210\" src=\"https:\/\/financialandlegalconsultant.com\/wp-content\/uploads\/2020\/06\/grupo.jpg\" class=\"attachment-full size-full wp-image-335\" alt=\"\" srcset=\"https:\/\/financialandlegalconsultant.com\/wp-content\/uploads\/2020\/06\/grupo.jpg 1920w, https:\/\/financialandlegalconsultant.com\/wp-content\/uploads\/2020\/06\/grupo-300x189.jpg 300w, https:\/\/financialandlegalconsultant.com\/wp-content\/uploads\/2020\/06\/grupo-1024x645.jpg 1024w, https:\/\/financialandlegalconsultant.com\/wp-content\/uploads\/2020\/06\/grupo-768x484.jpg 768w, https:\/\/financialandlegalconsultant.com\/wp-content\/uploads\/2020\/06\/grupo-1536x968.jpg 1536w\" sizes=\"(max-width: 1920px) 100vw, 1920px\" \/>\t\t\t\t\t\t\t\t\t\t\t\t\t\t\t<\/div>\n\t\t\t\t<\/div>\n\t\t\t\t<div class=\"elementor-element elementor-element-6bb6bf44 elementor-widget elementor-widget-text-editor\" data-id=\"6bb6bf44\" data-element_type=\"widget\" data-e-type=\"widget\" data-widget_type=\"text-editor.default\">\n\t\t\t\t<div class=\"elementor-widget-container\">\n\t\t\t\t\t\t\t\t\t<p>We are a team of professionals with experiences in the Legal and Accounting field, located in the city of <a href=\"https:\/\/financialandlegalconsultant.com\/wp-content\/uploads\/2020\/06\/bandera.mp4\" target=\"_blank\" rel=\"noopener\">Panama, Republic of Panama.<\/a> We have an experienced Specialist Group that has successfully managed numerous difficult business and financial transactions, involving established companies and associations, as well as representation of startups and new market operators conducting complex business activities.<\/p>\t\t\t\t\t\t\t\t<\/div>\n\t\t\t\t<\/div>\n\t\t\t\t<section class=\"elementor-section elementor-inner-section elementor-element elementor-element-41837241 elementor-section-boxed elementor-section-height-default elementor-section-height-default\" data-id=\"41837241\" data-element_type=\"section\" data-e-type=\"section\">\n\t\t\t\t\t\t<div class=\"elementor-container elementor-column-gap-default\">\n\t\t\t\t\t<div class=\"elementor-column elementor-col-50 elementor-inner-column elementor-element elementor-element-55781c4\" data-id=\"55781c4\" data-element_type=\"column\" data-e-type=\"column\">\n\t\t\t<div class=\"elementor-widget-wrap elementor-element-populated\">\n\t\t\t\t\t\t<div class=\"elementor-element elementor-element-2491534 elementor-widget elementor-widget-heading\" data-id=\"2491534\" data-element_type=\"widget\" data-e-type=\"widget\" data-widget_type=\"heading.default\">\n\t\t\t\t<div class=\"elementor-widget-container\">\n\t\t\t\t\t<h5 class=\"elementor-heading-title elementor-size-default\">general objectives<\/h5>\t\t\t\t<\/div>\n\t\t\t\t<\/div>\n\t\t\t\t<div class=\"elementor-element elementor-element-4af2c0e elementor-widget-divider--view-line elementor-widget elementor-widget-divider\" data-id=\"4af2c0e\" data-element_type=\"widget\" data-e-type=\"widget\" data-widget_type=\"divider.default\">\n\t\t\t\t<div class=\"elementor-widget-container\">\n\t\t\t\t\t\t\t<div class=\"elementor-divider\">\n\t\t\t<span class=\"elementor-divider-separator\">\n\t\t\t\t\t\t<\/span>\n\t\t<\/div>\n\t\t\t\t\t\t<\/div>\n\t\t\t\t<\/div>\n\t\t\t\t<div class=\"elementor-element elementor-element-5d890ec7 elementor-widget elementor-widget-text-editor\" data-id=\"5d890ec7\" data-element_type=\"widget\" data-e-type=\"widget\" data-widget_type=\"text-editor.default\">\n\t\t\t\t<div class=\"elementor-widget-container\">\n\t\t\t\t\t\t\t\t\t<p>Participate in the administrative and financial management of SMEs, micro-companies and people or institutions with needs in accounting, legal, fiscal, cost and control issues; through the consulting service making significant contributions to the growth of organizations; thus fulfilling the social responsibility associated with the accounting professional.<\/p>\t\t\t\t\t\t\t\t<\/div>\n\t\t\t\t<\/div>\n\t\t\t\t\t<\/div>\n\t\t<\/div>\n\t\t\t\t<div class=\"elementor-column elementor-col-50 elementor-inner-column elementor-element elementor-element-57545697\" data-id=\"57545697\" data-element_type=\"column\" data-e-type=\"column\">\n\t\t\t<div class=\"elementor-widget-wrap elementor-element-populated\">\n\t\t\t\t\t\t<div class=\"elementor-element elementor-element-28af447 elementor-widget elementor-widget-heading\" data-id=\"28af447\" data-element_type=\"widget\" data-e-type=\"widget\" data-widget_type=\"heading.default\">\n\t\t\t\t<div class=\"elementor-widget-container\">\n\t\t\t\t\t<h5 class=\"elementor-heading-title elementor-size-default\">SPECIFIC OBJECTIVES<\/h5>\t\t\t\t<\/div>\n\t\t\t\t<\/div>\n\t\t\t\t<div class=\"elementor-element elementor-element-778ac35 elementor-widget-divider--view-line elementor-widget elementor-widget-divider\" data-id=\"778ac35\" data-element_type=\"widget\" data-e-type=\"widget\" data-widget_type=\"divider.default\">\n\t\t\t\t<div class=\"elementor-widget-container\">\n\t\t\t\t\t\t\t<div class=\"elementor-divider\">\n\t\t\t<span class=\"elementor-divider-separator\">\n\t\t\t\t\t\t<\/span>\n\t\t<\/div>\n\t\t\t\t\t\t<\/div>\n\t\t\t\t<\/div>\n\t\t\t\t<div class=\"elementor-element elementor-element-65229d15 elementor-widget elementor-widget-text-editor\" data-id=\"65229d15\" data-element_type=\"widget\" data-e-type=\"widget\" data-widget_type=\"text-editor.default\">\n\t\t\t\t<div class=\"elementor-widget-container\">\n\t\t\t\t\t\t\t\t\t<ul><li>Provide consulting in tax, customs and exchange matters to all natural and legal persons who request it.<\/li><li>Develop a team focused on strengthening commercial and labor knowledge to support the different users of Financial &amp; Legal Consultant Int.\u00a0<\/li><\/ul>\t\t\t\t\t\t\t\t<\/div>\n\t\t\t\t<\/div>\n\t\t\t\t\t<\/div>\n\t\t<\/div>\n\t\t\t\t\t<\/div>\n\t\t<\/section>\n\t\t\t\t\t<\/div>\n\t\t<\/div>\n\t\t\t\t\t<\/div>\n\t\t<\/section>\n\t\t\t\t<section class=\"elementor-section elementor-top-section elementor-element elementor-element-e609a68 elementor-section-boxed elementor-section-height-default elementor-section-height-default\" data-id=\"e609a68\" data-element_type=\"section\" data-e-type=\"section\">\n\t\t\t\t\t\t<div class=\"elementor-container elementor-column-gap-default\">\n\t\t\t\t\t<div class=\"elementor-column elementor-col-100 elementor-top-column elementor-element elementor-element-6a20d73\" data-id=\"6a20d73\" data-element_type=\"column\" data-e-type=\"column\">\n\t\t\t<div class=\"elementor-widget-wrap elementor-element-populated\">\n\t\t\t\t\t\t<div class=\"elementor-element elementor-element-c371da9 elementor-widget elementor-widget-heading\" data-id=\"c371da9\" data-element_type=\"widget\" data-e-type=\"widget\" data-widget_type=\"heading.default\">\n\t\t\t\t<div class=\"elementor-widget-container\">\n\t\t\t\t\t<h5 class=\"elementor-heading-title elementor-size-large\">Our work team<\/h5>\t\t\t\t<\/div>\n\t\t\t\t<\/div>\n\t\t\t\t\t<\/div>\n\t\t<\/div>\n\t\t\t\t\t<\/div>\n\t\t<\/section>\n\t\t\t\t<section class=\"elementor-section elementor-top-section elementor-element elementor-element-4f6e5ab elementor-section-boxed elementor-section-height-default elementor-section-height-default\" data-id=\"4f6e5ab\" data-element_type=\"section\" data-e-type=\"section\">\n\t\t\t\t\t\t<div class=\"elementor-container elementor-column-gap-default\">\n\t\t\t\t\t<div class=\"elementor-column elementor-col-25 elementor-top-column elementor-element elementor-element-1c48873\" data-id=\"1c48873\" data-element_type=\"column\" data-e-type=\"column\">\n\t\t\t<div class=\"elementor-widget-wrap\">\n\t\t\t\t\t\t\t<\/div>\n\t\t<\/div>\n\t\t\t\t<div class=\"elementor-column elementor-col-50 elementor-top-column elementor-element elementor-element-8f8997b\" data-id=\"8f8997b\" data-element_type=\"column\" data-e-type=\"column\">\n\t\t\t<div class=\"elementor-widget-wrap elementor-element-populated\">\n\t\t\t\t\t\t<div class=\"elementor-element elementor-element-cf4f7bb eael-team-align-eael-team-align-default elementor-widget elementor-widget-eael-team-member\" data-id=\"cf4f7bb\" data-element_type=\"widget\" data-e-type=\"widget\" data-widget_type=\"eael-team-member.default\">\n\t\t\t\t<div class=\"elementor-widget-container\">\n\t\t\t\t\t\n\n\t<div id=\"eael-team-member-cf4f7bb\" class=\"eael-team-item eael-team-members-simple\">\n\t\t<div class=\"eael-team-item-inner\">\n\t\t\t<div class=\"eael-team-image\">\n\t\t\t\t<figure>\n\t\t\t\t\t\t\t\t\t\t<img decoding=\"async\" src=\"https:\/\/financialandlegalconsultant.com\/wp-content\/uploads\/2020\/09\/Ronald.jpeg\" alt=\"\">\n\t\t\t\t\t\t\t\t\t<\/figure>\n\t\t\t\t\n\t\t\t\t\n\t\t\t<\/div>\n\n\t\t\t<div class=\"eael-team-content\">\n\t\t\t\t<h2 class=\"eael-team-member-name\">Ronald Forbes<\/h2><h3 class=\"eael-team-member-position\">Office manager<\/h3>\n\t\t\t\t\t\t\t\t\t\t\t\t\t\t\t<ul class=\"eael-team-member-social-profiles\">\n\t\t\t\t\t\t\t\t\t\t\t\t\t\t\t\t\t\t\t\t\t\t\t\t\t\t\t\t\t\t\t\t\t\t\t\t\t\t\t\t\t<li class=\"eael-team-member-social-link\">\n\t\t\t\t\t\t\t\t\t\t<a target=\"_blank\">\n\t\t\t\t\t\t\t\t\t\t\t\t\t\t\t\t\t\t\t\t\t\t\t<i aria-hidden=\"true\" class=\"fab fa-facebook\"><\/i>\t\t\t\t\t\t\t\t\t\t\t\t\t\t\t\t\t\t\t\t\t<\/a>\n\t\t\t\t\t\t\t\t\t<\/li>\n\t\t\t\t\t\t\t\t\t\t\t\t\t\t\t\t\t\t\t\t\t\t\t\t\t\t\t\t\t\t\t\t\t\t\t\t\t\t\t\t\t\t\t\t\t\t\t\t\t<li class=\"eael-team-member-social-link\">\n\t\t\t\t\t\t\t\t\t\t<a target=\"_blank\">\n\t\t\t\t\t\t\t\t\t\t\t\t\t\t\t\t\t\t\t\t\t\t\t<i aria-hidden=\"true\" class=\"fab fa-twitter\"><\/i>\t\t\t\t\t\t\t\t\t\t\t\t\t\t\t\t\t\t\t\t\t<\/a>\n\t\t\t\t\t\t\t\t\t<\/li>\n\t\t\t\t\t\t\t\t\t\t\t\t\t\t\t\t\t\t\t\t\t\t\t\t\t\t\t\t\t\t\t\t\t\t\t\t\t\t\t\t\t\t\t\t\t\t\t\t\t<li class=\"eael-team-member-social-link\">\n\t\t\t\t\t\t\t\t\t\t<a target=\"_blank\">\n\t\t\t\t\t\t\t\t\t\t\t\t\t\t\t\t\t\t\t\t\t\t\t<i aria-hidden=\"true\" class=\"fab fa-linkedin\"><\/i>\t\t\t\t\t\t\t\t\t\t\t\t\t\t\t\t\t\t\t\t\t<\/a>\n\t\t\t\t\t\t\t\t\t<\/li>\n\t\t\t\t\t\t\t\t\t\t\t\t\t\t\t\t\t\t\t\t\t<\/ul>\n\t\t\t\t\t\t\t\t\t\t<p class=\"eael-team-text\">Add team member description here. Remove the text if not necessary.<\/p>\n\t\t\t\t\t\t\t<\/div>\n\t\t<\/div>\n\t<\/div>\n\t\t\t\t\t<\/div>\n\t\t\t\t<\/div>\n\t\t\t\t\t<\/div>\n\t\t<\/div>\n\t\t\t\t<div class=\"elementor-column elementor-col-25 elementor-top-column elementor-element elementor-element-dd08be9\" data-id=\"dd08be9\" data-element_type=\"column\" data-e-type=\"column\">\n\t\t\t<div class=\"elementor-widget-wrap\">\n\t\t\t\t\t\t\t<\/div>\n\t\t<\/div>\n\t\t\t\t\t<\/div>\n\t\t<\/section>\n\t\t\t\t<section class=\"elementor-section elementor-top-section elementor-element elementor-element-6d91c41 elementor-section-boxed elementor-section-height-default elementor-section-height-default\" data-id=\"6d91c41\" data-element_type=\"section\" data-e-type=\"section\">\n\t\t\t\t\t\t<div class=\"elementor-container elementor-column-gap-default\">\n\t\t\t\t\t<div class=\"elementor-column elementor-col-100 elementor-top-column elementor-element elementor-element-6fc98d0\" data-id=\"6fc98d0\" data-element_type=\"column\" data-e-type=\"column\" data-settings=\"{&quot;background_background&quot;:&quot;classic&quot;}\">\n\t\t\t<div class=\"elementor-widget-wrap elementor-element-populated\">\n\t\t\t\t\t\t<div class=\"elementor-element elementor-element-b975b77 elementor-widget elementor-widget-eael-cta-box\" data-id=\"b975b77\" data-element_type=\"widget\" data-e-type=\"widget\" data-widget_type=\"eael-cta-box.default\">\n\t\t\t\t<div class=\"elementor-widget-container\">\n\t\t\t\t\t\t\t\t\t<div class=\"eael-call-to-action cta-icon-flex bg-img cta-preset-1\">\n\t    <div class=\"icon\">\n\t\t\t\t\t\t\t<i class=\"fas fa-phone-volume\"><\/i>\t    <\/div>\n\t    <div class=\"content\">\n            <h2 class=\"title eael-cta-heading\">Contact us for a consultation<\/h2><p>Use our contact form or call us on our phones to arrange a consultation\u00a0<\/p>\t    <\/div>\n\t    <div class=\"action\">\n            <a href=\"https:\/\/financialandlegalconsultant.com\/en\/?page_id=97\" class=\"cta-button cta-preset-1\">Contactar<\/a>\t    <\/div>\n\t<\/div>\n\t\t\t\t\t\t<\/div>\n\t\t\t\t<\/div>\n\t\t\t\t\t<\/div>\n\t\t<\/div>\n\t\t\t\t\t<\/div>\n\t\t<\/section>\n\t\t\t\t<\/div>","protected":false},"excerpt":{"rendered":"<p>financial &#038; legal consultant int. Somos un equipo de profesionales con experiencias en el ramo Legal y la Contabilidad, ubicados en la ciudad de Panam\u00e1, Rep\u00fablica de Panam\u00e1. Contamos con un Grupo de especialista con experiencia que ha permitido manejar con \u00e9xito numerosas transacciones comerciales y financieras dif\u00edciles, que involucran a empresas y asociaciones establecidas, as\u00ed como la representaci\u00f3n de las nuevas empresas y los nuevos operadores del mercado que realicen actividades empresariales complejos. objetivos generales Participar en la gesti\u00f3n administrativa y financiera de las PYMES, microempresas y personas o instituciones con necesidades en los temas contables, legales, fiscales, de costos y de control; mediante el servicio de consultor\u00eda logrando aportes significativos en el crecimiento de las organizaciones; cumpliendo de esta manera con la responsabilidad social asociada al profesional de contadur\u00eda. OBJETIVOS ESPEC\u00cdFICOS Brindar consultor\u00eda en materia tributaria, aduanera y cambiaria a todas las personas naturales, jur\u00eddicas que lo soliciten.&hellip;<\/p>\n<p> <a class=\"more-link\" href=\"https:\/\/financialandlegalconsultant.com\/en\/quienes-somos\/\">Read more<\/a><\/p>","protected":false},"author":1,"featured_media":367,"parent":0,"menu_order":0,"comment_status":"closed","ping_status":"closed","template":"elementor_header_footer","meta":{"footnotes":""},"class_list":["post-86","page","type-page","status-publish","has-post-thumbnail"],"yoast_head":"<!-- This site is optimized with the Yoast SEO plugin v27.4 - https:\/\/yoast.com\/product\/yoast-seo-wordpress\/ -->\n<title>Qui\u00e9nes somos - Financial and Legal Consultants<\/title>\n<meta name=\"robots\" content=\"index, follow, max-snippet:-1, max-image-preview:large, max-video-preview:-1\" \/>\n<link rel=\"canonical\" href=\"https:\/\/financialandlegalconsultant.com\/en\/quienes-somos\/\" \/>\n<meta property=\"og:locale\" content=\"en_US\" \/>\n<meta property=\"og:type\" content=\"article\" \/>\n<meta property=\"og:title\" content=\"Qui\u00e9nes somos - Financial and Legal Consultants\" \/>\n<meta property=\"og:description\" content=\"financial &#038; legal consultant int. Somos un equipo de profesionales con experiencias en el ramo Legal y la Contabilidad, ubicados en la ciudad de Panam\u00e1, Rep\u00fablica de Panam\u00e1. Contamos con un Grupo de especialista con experiencia que ha permitido manejar con \u00e9xito numerosas transacciones comerciales y financieras dif\u00edciles, que involucran a empresas y asociaciones establecidas, as\u00ed como la representaci\u00f3n de las nuevas empresas y los nuevos operadores del mercado que realicen actividades empresariales complejos. objetivos generales Participar en la gesti\u00f3n administrativa y financiera de las PYMES, microempresas y personas o instituciones con necesidades en los temas contables, legales, fiscales, de costos y de control; mediante el servicio de consultor\u00eda logrando aportes significativos en el crecimiento de las organizaciones; cumpliendo de esta manera con la responsabilidad social asociada al profesional de contadur\u00eda. OBJETIVOS ESPEC\u00cdFICOS Brindar consultor\u00eda en materia tributaria, aduanera y cambiaria a todas las personas naturales, jur\u00eddicas que lo soliciten.&hellip;  Read more\" \/>\n<meta property=\"og:url\" content=\"https:\/\/financialandlegalconsultant.com\/en\/quienes-somos\/\" \/>\n<meta property=\"og:site_name\" content=\"Financial and Legal Consultants\" \/>\n<meta property=\"article:modified_time\" content=\"2023-09-22T02:48:16+00:00\" \/>\n<meta property=\"og:image\" content=\"https:\/\/financialandlegalconsultant.com\/wp-content\/uploads\/2020\/06\/panoscuro.jpg\" \/>\n\t<meta property=\"og:image:width\" content=\"1920\" \/>\n\t<meta property=\"og:image:height\" content=\"1080\" \/>\n\t<meta property=\"og:image:type\" content=\"image\/jpeg\" \/>\n<meta name=\"twitter:card\" content=\"summary_large_image\" \/>\n<meta name=\"twitter:label1\" content=\"Est. reading time\" \/>\n\t<meta name=\"twitter:data1\" content=\"2 minutes\" \/>\n<script type=\"application\/ld+json\" class=\"yoast-schema-graph\">{\"@context\":\"https:\\\/\\\/schema.org\",\"@graph\":[{\"@type\":\"WebPage\",\"@id\":\"https:\\\/\\\/financialandlegalconsultant.com\\\/quienes-somos\\\/\",\"url\":\"https:\\\/\\\/financialandlegalconsultant.com\\\/quienes-somos\\\/\",\"name\":\"Qui\u00e9nes somos - Financial and Legal Consultants\",\"isPartOf\":{\"@id\":\"https:\\\/\\\/financialandlegalconsultant.com\\\/#website\"},\"primaryImageOfPage\":{\"@id\":\"https:\\\/\\\/financialandlegalconsultant.com\\\/quienes-somos\\\/#primaryimage\"},\"image\":{\"@id\":\"https:\\\/\\\/financialandlegalconsultant.com\\\/quienes-somos\\\/#primaryimage\"},\"thumbnailUrl\":\"https:\\\/\\\/financialandlegalconsultant.com\\\/wp-content\\\/uploads\\\/2020\\\/06\\\/panoscuro.jpg\",\"datePublished\":\"2020-06-04T18:38:03+00:00\",\"dateModified\":\"2023-09-22T02:48:16+00:00\",\"breadcrumb\":{\"@id\":\"https:\\\/\\\/financialandlegalconsultant.com\\\/quienes-somos\\\/#breadcrumb\"},\"inLanguage\":\"en-US\",\"potentialAction\":[{\"@type\":\"ReadAction\",\"target\":[\"https:\\\/\\\/financialandlegalconsultant.com\\\/quienes-somos\\\/\"]}]},{\"@type\":\"ImageObject\",\"inLanguage\":\"en-US\",\"@id\":\"https:\\\/\\\/financialandlegalconsultant.com\\\/quienes-somos\\\/#primaryimage\",\"url\":\"https:\\\/\\\/financialandlegalconsultant.com\\\/wp-content\\\/uploads\\\/2020\\\/06\\\/panoscuro.jpg\",\"contentUrl\":\"https:\\\/\\\/financialandlegalconsultant.com\\\/wp-content\\\/uploads\\\/2020\\\/06\\\/panoscuro.jpg\",\"width\":1920,\"height\":1080},{\"@type\":\"BreadcrumbList\",\"@id\":\"https:\\\/\\\/financialandlegalconsultant.com\\\/quienes-somos\\\/#breadcrumb\",\"itemListElement\":[{\"@type\":\"ListItem\",\"position\":1,\"name\":\"Home\",\"item\":\"https:\\\/\\\/financialandlegalconsultant.com\\\/\"},{\"@type\":\"ListItem\",\"position\":2,\"name\":\"Qui\u00e9nes somos\"}]},{\"@type\":\"WebSite\",\"@id\":\"https:\\\/\\\/financialandlegalconsultant.com\\\/#website\",\"url\":\"https:\\\/\\\/financialandlegalconsultant.com\\\/\",\"name\":\"Financial and Legal Consultants\",\"description\":\"Financial Services in Panama\",\"potentialAction\":[{\"@type\":\"SearchAction\",\"target\":{\"@type\":\"EntryPoint\",\"urlTemplate\":\"https:\\\/\\\/financialandlegalconsultant.com\\\/?s={search_term_string}\"},\"query-input\":{\"@type\":\"PropertyValueSpecification\",\"valueRequired\":true,\"valueName\":\"search_term_string\"}}],\"inLanguage\":\"en-US\"}]}<\/script>\n<!-- \/ Yoast SEO plugin. -->","yoast_head_json":{"title":"Qui\u00e9nes somos - Financial and Legal Consultants","robots":{"index":"index","follow":"follow","max-snippet":"max-snippet:-1","max-image-preview":"max-image-preview:large","max-video-preview":"max-video-preview:-1"},"canonical":"https:\/\/financialandlegalconsultant.com\/en\/quienes-somos\/","og_locale":"en_US","og_type":"article","og_title":"Qui\u00e9nes somos - Financial and Legal Consultants","og_description":"financial &#038; legal consultant int. Somos un equipo de profesionales con experiencias en el ramo Legal y la Contabilidad, ubicados en la ciudad de Panam\u00e1, Rep\u00fablica de Panam\u00e1. Contamos con un Grupo de especialista con experiencia que ha permitido manejar con \u00e9xito numerosas transacciones comerciales y financieras dif\u00edciles, que involucran a empresas y asociaciones establecidas, as\u00ed como la representaci\u00f3n de las nuevas empresas y los nuevos operadores del mercado que realicen actividades empresariales complejos. objetivos generales Participar en la gesti\u00f3n administrativa y financiera de las PYMES, microempresas y personas o instituciones con necesidades en los temas contables, legales, fiscales, de costos y de control; mediante el servicio de consultor\u00eda logrando aportes significativos en el crecimiento de las organizaciones; cumpliendo de esta manera con la responsabilidad social asociada al profesional de contadur\u00eda. OBJETIVOS ESPEC\u00cdFICOS Brindar consultor\u00eda en materia tributaria, aduanera y cambiaria a todas las personas naturales, jur\u00eddicas que lo soliciten.&hellip;  Read more","og_url":"https:\/\/financialandlegalconsultant.com\/en\/quienes-somos\/","og_site_name":"Financial and Legal Consultants","article_modified_time":"2023-09-22T02:48:16+00:00","og_image":[{"width":1920,"height":1080,"url":"https:\/\/financialandlegalconsultant.com\/wp-content\/uploads\/2020\/06\/panoscuro.jpg","type":"image\/jpeg"}],"twitter_card":"summary_large_image","twitter_misc":{"Est. reading time":"2 minutes"},"schema":{"@context":"https:\/\/schema.org","@graph":[{"@type":"WebPage","@id":"https:\/\/financialandlegalconsultant.com\/quienes-somos\/","url":"https:\/\/financialandlegalconsultant.com\/quienes-somos\/","name":"Qui\u00e9nes somos - Financial and Legal Consultants","isPartOf":{"@id":"https:\/\/financialandlegalconsultant.com\/#website"},"primaryImageOfPage":{"@id":"https:\/\/financialandlegalconsultant.com\/quienes-somos\/#primaryimage"},"image":{"@id":"https:\/\/financialandlegalconsultant.com\/quienes-somos\/#primaryimage"},"thumbnailUrl":"https:\/\/financialandlegalconsultant.com\/wp-content\/uploads\/2020\/06\/panoscuro.jpg","datePublished":"2020-06-04T18:38:03+00:00","dateModified":"2023-09-22T02:48:16+00:00","breadcrumb":{"@id":"https:\/\/financialandlegalconsultant.com\/quienes-somos\/#breadcrumb"},"inLanguage":"en-US","potentialAction":[{"@type":"ReadAction","target":["https:\/\/financialandlegalconsultant.com\/quienes-somos\/"]}]},{"@type":"ImageObject","inLanguage":"en-US","@id":"https:\/\/financialandlegalconsultant.com\/quienes-somos\/#primaryimage","url":"https:\/\/financialandlegalconsultant.com\/wp-content\/uploads\/2020\/06\/panoscuro.jpg","contentUrl":"https:\/\/financialandlegalconsultant.com\/wp-content\/uploads\/2020\/06\/panoscuro.jpg","width":1920,"height":1080},{"@type":"BreadcrumbList","@id":"https:\/\/financialandlegalconsultant.com\/quienes-somos\/#breadcrumb","itemListElement":[{"@type":"ListItem","position":1,"name":"Home","item":"https:\/\/financialandlegalconsultant.com\/"},{"@type":"ListItem","position":2,"name":"Qui\u00e9nes somos"}]},{"@type":"WebSite","@id":"https:\/\/financialandlegalconsultant.com\/#website","url":"https:\/\/financialandlegalconsultant.com\/","name":"Financial and Legal Consultants","description":"Financial Services in Panama","potentialAction":[{"@type":"SearchAction","target":{"@type":"EntryPoint","urlTemplate":"https:\/\/financialandlegalconsultant.com\/?s={search_term_string}"},"query-input":{"@type":"PropertyValueSpecification","valueRequired":true,"valueName":"search_term_string"}}],"inLanguage":"en-US"}]}},"_links":{"self":[{"href":"https:\/\/financialandlegalconsultant.com\/en\/wp-json\/wp\/v2\/pages\/86","targetHints":{"allow":["GET"]}}],"collection":[{"href":"https:\/\/financialandlegalconsultant.com\/en\/wp-json\/wp\/v2\/pages"}],"about":[{"href":"https:\/\/financialandlegalconsultant.com\/en\/wp-json\/wp\/v2\/types\/page"}],"author":[{"embeddable":true,"href":"https:\/\/financialandlegalconsultant.com\/en\/wp-json\/wp\/v2\/users\/1"}],"replies":[{"embeddable":true,"href":"https:\/\/financialandlegalconsultant.com\/en\/wp-json\/wp\/v2\/comments?post=86"}],"version-history":[{"count":5,"href":"https:\/\/financialandlegalconsultant.com\/en\/wp-json\/wp\/v2\/pages\/86\/revisions"}],"predecessor-version":[{"id":99480,"href":"https:\/\/financialandlegalconsultant.com\/en\/wp-json\/wp\/v2\/pages\/86\/revisions\/99480"}],"wp:featuredmedia":[{"embeddable":true,"href":"https:\/\/financialandlegalconsultant.com\/en\/wp-json\/wp\/v2\/media\/367"}],"wp:attachment":[{"href":"https:\/\/financialandlegalconsultant.com\/en\/wp-json\/wp\/v2\/media?parent=86"}],"curies":[{"name":"wp","href":"https:\/\/api.w.org\/{rel}","templated":true}]}}