{"id":97,"date":"2020-06-04T18:41:20","date_gmt":"2020-06-04T18:41:20","guid":{"rendered":"https:\/\/financialandlegalconsultant.com\/?page_id=97"},"modified":"2020-07-24T15:45:16","modified_gmt":"2020-07-24T15:45:16","slug":"contactenos","status":"publish","type":"page","link":"https:\/\/financialandlegalconsultant.com\/en\/contactenos\/","title":{"rendered":"Contact us"},"content":{"rendered":"\t\t<div data-elementor-type=\"wp-page\" data-elementor-id=\"97\" class=\"elementor elementor-97\">\n\t\t\t\t\t\t<section class=\"elementor-section elementor-top-section elementor-element elementor-element-0fa9cf1 elementor-section-full_width elementor-section-height-default elementor-section-height-default\" data-id=\"0fa9cf1\" data-element_type=\"section\" data-e-type=\"section\" data-settings=\"{&quot;shape_divider_bottom&quot;:&quot;mountains&quot;}\">\n\t\t\t\t\t<div class=\"elementor-shape elementor-shape-bottom\" aria-hidden=\"true\" data-negative=\"false\">\n\t\t\t<svg xmlns=\"http:\/\/www.w3.org\/2000\/svg\" viewBox=\"0 0 1000 100\" preserveAspectRatio=\"none\">\n\t<path class=\"elementor-shape-fill\" opacity=\"0.33\" d=\"M473,67.3c-203.9,88.3-263.1-34-320.3,0C66,119.1,0,59.7,0,59.7V0h1000v59.7 c0,0-62.1,26.1-94.9,29.3c-32.8,3.3-62.8-12.3-75.8-22.1C806,49.6,745.3,8.7,694.9,4.7S492.4,59,473,67.3z\"\/>\n\t<path class=\"elementor-shape-fill\" opacity=\"0.66\" d=\"M734,67.3c-45.5,0-77.2-23.2-129.1-39.1c-28.6-8.7-150.3-10.1-254,39.1 s-91.7-34.4-149.2,0C115.7,118.3,0,39.8,0,39.8V0h1000v36.5c0,0-28.2-18.5-92.1-18.5C810.2,18.1,775.7,67.3,734,67.3z\"\/>\n\t<path class=\"elementor-shape-fill\" d=\"M766.1,28.9c-200-57.5-266,65.5-395.1,19.5C242,1.8,242,5.4,184.8,20.6C128,35.8,132.3,44.9,89.9,52.5C28.6,63.7,0,0,0,0 h1000c0,0-9.9,40.9-83.6,48.1S829.6,47,766.1,28.9z\"\/>\n<\/svg>\t\t<\/div>\n\t\t\t\t\t<div class=\"elementor-container elementor-column-gap-default\">\n\t\t\t\t\t<div class=\"elementor-column elementor-col-100 elementor-top-column elementor-element elementor-element-a591664\" data-id=\"a591664\" data-element_type=\"column\" data-e-type=\"column\">\n\t\t\t<div class=\"elementor-widget-wrap elementor-element-populated\">\n\t\t\t\t\t\t<div class=\"elementor-element elementor-element-f8fea49 elementor-widget elementor-widget-google_maps\" data-id=\"f8fea49\" data-element_type=\"widget\" data-e-type=\"widget\" data-widget_type=\"google_maps.default\">\n\t\t\t\t<div class=\"elementor-widget-container\">\n\t\t\t\t\t\t\t<div class=\"elementor-custom-embed\">\n\t\t\t<iframe loading=\"lazy\"\n\t\t\t\t\tsrc=\"https:\/\/maps.google.com\/maps?q=Panama%20City%2C%20Panama&#038;t=m&#038;z=15&#038;output=embed&#038;iwloc=near\"\n\t\t\t\t\ttitle=\"Panama City, Panama\"\n\t\t\t\t\taria-label=\"Panama City, Panama\"\n\t\t\t><\/iframe>\n\t\t<\/div>\n\t\t\t\t\t\t<\/div>\n\t\t\t\t<\/div>\n\t\t\t\t\t<\/div>\n\t\t<\/div>\n\t\t\t\t\t<\/div>\n\t\t<\/section>\n\t\t\t\t<section class=\"elementor-section elementor-top-section elementor-element elementor-element-4ca92d1 elementor-section-boxed elementor-section-height-default elementor-section-height-default\" data-id=\"4ca92d1\" data-element_type=\"section\" data-e-type=\"section\">\n\t\t\t\t\t\t<div class=\"elementor-container elementor-column-gap-default\">\n\t\t\t\t\t<div class=\"elementor-column elementor-col-100 elementor-top-column elementor-element elementor-element-0cb6063\" data-id=\"0cb6063\" data-element_type=\"column\" data-e-type=\"column\">\n\t\t\t<div class=\"elementor-widget-wrap elementor-element-populated\">\n\t\t\t\t\t\t<div class=\"elementor-element elementor-element-39f4b4f elementor-widget elementor-widget-spacer\" data-id=\"39f4b4f\" data-element_type=\"widget\" data-e-type=\"widget\" data-widget_type=\"spacer.default\">\n\t\t\t\t<div class=\"elementor-widget-container\">\n\t\t\t\t\t\t\t<div class=\"elementor-spacer\">\n\t\t\t<div class=\"elementor-spacer-inner\"><\/div>\n\t\t<\/div>\n\t\t\t\t\t\t<\/div>\n\t\t\t\t<\/div>\n\t\t\t\t\t<\/div>\n\t\t<\/div>\n\t\t\t\t\t<\/div>\n\t\t<\/section>\n\t\t\t\t<section class=\"elementor-section elementor-top-section elementor-element elementor-element-9997709 elementor-section-boxed elementor-section-height-default elementor-section-height-default\" data-id=\"9997709\" data-element_type=\"section\" data-e-type=\"section\">\n\t\t\t\t\t\t<div class=\"elementor-container elementor-column-gap-default\">\n\t\t\t\t\t<div class=\"elementor-column elementor-col-50 elementor-top-column elementor-element elementor-element-7728d348\" data-id=\"7728d348\" data-element_type=\"column\" data-e-type=\"column\">\n\t\t\t<div class=\"elementor-widget-wrap elementor-element-populated\">\n\t\t\t\t\t\t<div class=\"elementor-element elementor-element-252be020 elementor-position-top elementor-widget elementor-widget-image-box\" data-id=\"252be020\" data-element_type=\"widget\" data-e-type=\"widget\" data-widget_type=\"image-box.default\">\n\t\t\t\t<div class=\"elementor-widget-container\">\n\t\t\t\t\t<div class=\"elementor-image-box-wrapper\"><figure class=\"elementor-image-box-img\"><img decoding=\"async\" src=\"https:\/\/financialandlegalconsultant.com\/wp-content\/uploads\/2020\/06\/phone.svg\" class=\"attachment-full size-full wp-image-427\" alt=\"\" \/><\/figure><div class=\"elementor-image-box-content\"><h3 class=\"elementor-image-box-title\">(507) 201-9575<\/h3><p class=\"elementor-image-box-description\">Disponibles de Lunes a S\u00e1bado de 8:00 a.m a 4:00 p.m\n\nDirecci\u00f3n: V\u00eda Argentina, Galer\u00eda Alvear, Oficina #201\n\nemail: info@financialandlegalconsultant.com\n\n<\/p><\/div><\/div>\t\t\t\t<\/div>\n\t\t\t\t<\/div>\n\t\t\t\t\t<\/div>\n\t\t<\/div>\n\t\t\t\t<div class=\"elementor-column elementor-col-50 elementor-top-column elementor-element elementor-element-325ab175\" data-id=\"325ab175\" data-element_type=\"column\" data-e-type=\"column\">\n\t\t\t<div class=\"elementor-widget-wrap elementor-element-populated\">\n\t\t\t\t\t\t<div class=\"elementor-element elementor-element-8b769d6 eael-wpforms-labels-yes eael-wpforms-form-button-custom elementor-widget elementor-widget-eael-wpforms\" data-id=\"8b769d6\" data-element_type=\"widget\" data-e-type=\"widget\" data-widget_type=\"eael-wpforms.default\">\n\t\t\t\t<div class=\"elementor-widget-container\">\n\t\t\t\t\t            <div class=\"eael-contact-form eael-wpforms eael-wpforms-align-center\">\n                                <div class=\"wpforms-container wpforms-container-full\" id=\"wpforms-394\"><form id=\"wpforms-form-394\" class=\"wpforms-validate wpforms-form wpforms-ajax-form\" data-formid=\"394\" method=\"post\" enctype=\"multipart\/form-data\" action=\"\/en\/wp-json\/wp\/v2\/pages\/97\" data-token=\"517ab13cb01f7cac04ccb1b3b6134c7a\" data-token-time=\"1776512083\"><div class=\"wpforms-head-container\"><div class=\"wpforms-title\">Cont\u00e1ctenos<\/div><\/div><noscript class=\"wpforms-error-noscript\">Please enable JavaScript in your browser to complete this form.<\/noscript><div class=\"wpforms-field-container\"><div id=\"wpforms-394-field_0-container\" class=\"wpforms-field wpforms-field-name\" data-field-id=\"0\"><label class=\"wpforms-field-label\">Nombre <span class=\"wpforms-required-label\">*<\/span><\/label><div class=\"wpforms-field-row wpforms-field-medium\"><div class=\"wpforms-field-row-block wpforms-first wpforms-two-fifths\"><input type=\"text\" id=\"wpforms-394-field_0\" class=\"wpforms-field-name-first wpforms-field-required\" name=\"wpforms[fields][0][first]\" placeholder=\"Nombre\" required><label for=\"wpforms-394-field_0\" class=\"wpforms-field-sublabel after\">First<\/label><\/div><div class=\"wpforms-field-row-block wpforms-one-fifth\"><input type=\"text\" id=\"wpforms-394-field_0-middle\" class=\"wpforms-field-name-middle\" name=\"wpforms[fields][0][middle]\" placeholder=\"Inicial\" ><label for=\"wpforms-394-field_0-middle\" class=\"wpforms-field-sublabel after\">Middle<\/label><\/div><div class=\"wpforms-field-row-block wpforms-two-fifths\"><input type=\"text\" id=\"wpforms-394-field_0-last\" class=\"wpforms-field-name-last wpforms-field-required\" name=\"wpforms[fields][0][last]\" placeholder=\"Apellido\" required><label for=\"wpforms-394-field_0-last\" class=\"wpforms-field-sublabel after\">Last<\/label><\/div><\/div><\/div><div id=\"wpforms-394-field_1-container\" class=\"wpforms-field wpforms-field-email\" data-field-id=\"1\"><label class=\"wpforms-field-label\" for=\"wpforms-394-field_1\">Email <span class=\"wpforms-required-label\">*<\/span><\/label><input type=\"email\" id=\"wpforms-394-field_1\" class=\"wpforms-field-medium wpforms-field-required\" name=\"wpforms[fields][1]\" spellcheck=\"false\" required><\/div><div id=\"wpforms-394-field_2-container\" class=\"wpforms-field wpforms-field-textarea\" data-field-id=\"2\"><label class=\"wpforms-field-label\" for=\"wpforms-394-field_2\">Comentario <span class=\"wpforms-required-label\">*<\/span><\/label><textarea id=\"wpforms-394-field_2\" class=\"wpforms-field-medium wpforms-field-required\" name=\"wpforms[fields][2]\" required><\/textarea><\/div><\/div><!-- .wpforms-field-container --><div class=\"wpforms-field wpforms-field-hp\"><label for=\"wpforms-394-field-hp\" class=\"wpforms-field-label\">Email<\/label><input type=\"text\" name=\"wpforms[hp]\" id=\"wpforms-394-field-hp\" class=\"wpforms-field-medium\"><\/div><div class=\"wpforms-recaptcha-container wpforms-is-recaptcha wpforms-is-recaptcha-type-v3\" ><input type=\"hidden\" name=\"wpforms[recaptcha]\" value=\"\"><\/div><div class=\"wpforms-submit-container\" ><input type=\"hidden\" name=\"wpforms[id]\" value=\"394\"><input type=\"hidden\" name=\"page_title\" value=\"\"><input type=\"hidden\" name=\"page_url\" value=\"https:\/\/financialandlegalconsultant.com\/en\/wp-json\/wp\/v2\/pages\/97\"><input type=\"hidden\" name=\"url_referer\" value=\"\"><button type=\"submit\" name=\"wpforms[submit]\" id=\"wpforms-submit-394\" class=\"wpforms-submit\" data-alt-text=\"Enviando...\" data-submit-text=\"Enviar\" aria-live=\"assertive\" value=\"wpforms-submit\">Enviar<\/button><img decoding=\"async\" src=\"https:\/\/financialandlegalconsultant.com\/wp-content\/plugins\/wpforms-lite\/assets\/images\/submit-spin.svg\" class=\"wpforms-submit-spinner\" style=\"display: none;\" width=\"26\" height=\"26\" alt=\"Loading\"><\/div><\/form><\/div>  <!-- .wpforms-container -->            <\/div>\n\t\t\t\t<\/div>\n\t\t\t\t<\/div>\n\t\t\t\t\t<\/div>\n\t\t<\/div>\n\t\t\t\t\t<\/div>\n\t\t<\/section>\n\t\t\t\t<\/div>\n\t\t","protected":false},"excerpt":{"rendered":"<p>(507) 201-9575 Disponibles de Lunes a S\u00e1bado de 8:00 a.m a 4:00 p.m Direcci\u00f3n: V\u00eda Argentina, Galer\u00eda Alvear, Oficina #201 email: info@financialandlegalconsultant.com Cont\u00e1ctenosPor favor, activa JavaScript en tu navegador para completar este formulario.Nombre *NombreSegundo nombreApellidosEmail *Comentario *NameEnviar<\/p>","protected":false},"author":1,"featured_media":730,"parent":0,"menu_order":0,"comment_status":"closed","ping_status":"closed","template":"","meta":{"footnotes":""},"class_list":["post-97","page","type-page","status-publish","has-post-thumbnail"],"yoast_head":"<!-- This site is optimized with the Yoast SEO plugin v27.4 - https:\/\/yoast.com\/product\/yoast-seo-wordpress\/ -->\n<title>Cont\u00e1ctenos - Financial and Legal Consultants<\/title>\n<meta name=\"description\" content=\"Informacion de contacto finaciero\" \/>\n<meta name=\"robots\" content=\"index, follow, max-snippet:-1, max-image-preview:large, max-video-preview:-1\" \/>\n<link rel=\"canonical\" href=\"https:\/\/financialandlegalconsultant.com\/en\/contactenos\/\" \/>\n<meta property=\"og:locale\" content=\"en_US\" \/>\n<meta property=\"og:type\" content=\"article\" \/>\n<meta property=\"og:title\" content=\"Cont\u00e1ctenos - Financial and Legal Consultants\" \/>\n<meta property=\"og:description\" content=\"Informacion de contacto finaciero\" \/>\n<meta property=\"og:url\" content=\"https:\/\/financialandlegalconsultant.com\/en\/contactenos\/\" \/>\n<meta property=\"og:site_name\" content=\"Financial and Legal Consultants\" \/>\n<meta property=\"article:modified_time\" content=\"2020-07-24T15:45:16+00:00\" \/>\n<meta property=\"og:image\" content=\"https:\/\/financialandlegalconsultant.com\/wp-content\/uploads\/2020\/06\/mapa.jpg\" \/>\n\t<meta property=\"og:image:width\" content=\"1920\" \/>\n\t<meta property=\"og:image:height\" content=\"1279\" \/>\n\t<meta property=\"og:image:type\" content=\"image\/jpeg\" \/>\n<meta name=\"twitter:card\" content=\"summary_large_image\" \/>\n<script type=\"application\/ld+json\" class=\"yoast-schema-graph\">{\"@context\":\"https:\\\/\\\/schema.org\",\"@graph\":[{\"@type\":\"WebPage\",\"@id\":\"https:\\\/\\\/financialandlegalconsultant.com\\\/contactenos\\\/\",\"url\":\"https:\\\/\\\/financialandlegalconsultant.com\\\/contactenos\\\/\",\"name\":\"Cont\u00e1ctenos - Financial and Legal Consultants\",\"isPartOf\":{\"@id\":\"https:\\\/\\\/financialandlegalconsultant.com\\\/#website\"},\"primaryImageOfPage\":{\"@id\":\"https:\\\/\\\/financialandlegalconsultant.com\\\/contactenos\\\/#primaryimage\"},\"image\":{\"@id\":\"https:\\\/\\\/financialandlegalconsultant.com\\\/contactenos\\\/#primaryimage\"},\"thumbnailUrl\":\"https:\\\/\\\/financialandlegalconsultant.com\\\/wp-content\\\/uploads\\\/2020\\\/06\\\/mapa.jpg\",\"datePublished\":\"2020-06-04T18:41:20+00:00\",\"dateModified\":\"2020-07-24T15:45:16+00:00\",\"description\":\"Informacion de contacto finaciero\",\"breadcrumb\":{\"@id\":\"https:\\\/\\\/financialandlegalconsultant.com\\\/contactenos\\\/#breadcrumb\"},\"inLanguage\":\"en-US\",\"potentialAction\":[{\"@type\":\"ReadAction\",\"target\":[\"https:\\\/\\\/financialandlegalconsultant.com\\\/contactenos\\\/\"]}]},{\"@type\":\"ImageObject\",\"inLanguage\":\"en-US\",\"@id\":\"https:\\\/\\\/financialandlegalconsultant.com\\\/contactenos\\\/#primaryimage\",\"url\":\"https:\\\/\\\/financialandlegalconsultant.com\\\/wp-content\\\/uploads\\\/2020\\\/06\\\/mapa.jpg\",\"contentUrl\":\"https:\\\/\\\/financialandlegalconsultant.com\\\/wp-content\\\/uploads\\\/2020\\\/06\\\/mapa.jpg\",\"width\":1920,\"height\":1279},{\"@type\":\"BreadcrumbList\",\"@id\":\"https:\\\/\\\/financialandlegalconsultant.com\\\/contactenos\\\/#breadcrumb\",\"itemListElement\":[{\"@type\":\"ListItem\",\"position\":1,\"name\":\"Home\",\"item\":\"https:\\\/\\\/financialandlegalconsultant.com\\\/\"},{\"@type\":\"ListItem\",\"position\":2,\"name\":\"Cont\u00e1ctenos\"}]},{\"@type\":\"WebSite\",\"@id\":\"https:\\\/\\\/financialandlegalconsultant.com\\\/#website\",\"url\":\"https:\\\/\\\/financialandlegalconsultant.com\\\/\",\"name\":\"Financial and Legal Consultants\",\"description\":\"Financial Services in Panama\",\"potentialAction\":[{\"@type\":\"SearchAction\",\"target\":{\"@type\":\"EntryPoint\",\"urlTemplate\":\"https:\\\/\\\/financialandlegalconsultant.com\\\/?s={search_term_string}\"},\"query-input\":{\"@type\":\"PropertyValueSpecification\",\"valueRequired\":true,\"valueName\":\"search_term_string\"}}],\"inLanguage\":\"en-US\"}]}<\/script>\n<!-- \/ Yoast SEO plugin. -->","yoast_head_json":{"title":"Cont\u00e1ctenos - Financial and Legal Consultants","description":"Informacion de contacto finaciero","robots":{"index":"index","follow":"follow","max-snippet":"max-snippet:-1","max-image-preview":"max-image-preview:large","max-video-preview":"max-video-preview:-1"},"canonical":"https:\/\/financialandlegalconsultant.com\/en\/contactenos\/","og_locale":"en_US","og_type":"article","og_title":"Cont\u00e1ctenos - Financial and Legal Consultants","og_description":"Informacion de contacto finaciero","og_url":"https:\/\/financialandlegalconsultant.com\/en\/contactenos\/","og_site_name":"Financial and Legal Consultants","article_modified_time":"2020-07-24T15:45:16+00:00","og_image":[{"width":1920,"height":1279,"url":"https:\/\/financialandlegalconsultant.com\/wp-content\/uploads\/2020\/06\/mapa.jpg","type":"image\/jpeg"}],"twitter_card":"summary_large_image","schema":{"@context":"https:\/\/schema.org","@graph":[{"@type":"WebPage","@id":"https:\/\/financialandlegalconsultant.com\/contactenos\/","url":"https:\/\/financialandlegalconsultant.com\/contactenos\/","name":"Cont\u00e1ctenos - Financial and Legal Consultants","isPartOf":{"@id":"https:\/\/financialandlegalconsultant.com\/#website"},"primaryImageOfPage":{"@id":"https:\/\/financialandlegalconsultant.com\/contactenos\/#primaryimage"},"image":{"@id":"https:\/\/financialandlegalconsultant.com\/contactenos\/#primaryimage"},"thumbnailUrl":"https:\/\/financialandlegalconsultant.com\/wp-content\/uploads\/2020\/06\/mapa.jpg","datePublished":"2020-06-04T18:41:20+00:00","dateModified":"2020-07-24T15:45:16+00:00","description":"Informacion de contacto finaciero","breadcrumb":{"@id":"https:\/\/financialandlegalconsultant.com\/contactenos\/#breadcrumb"},"inLanguage":"en-US","potentialAction":[{"@type":"ReadAction","target":["https:\/\/financialandlegalconsultant.com\/contactenos\/"]}]},{"@type":"ImageObject","inLanguage":"en-US","@id":"https:\/\/financialandlegalconsultant.com\/contactenos\/#primaryimage","url":"https:\/\/financialandlegalconsultant.com\/wp-content\/uploads\/2020\/06\/mapa.jpg","contentUrl":"https:\/\/financialandlegalconsultant.com\/wp-content\/uploads\/2020\/06\/mapa.jpg","width":1920,"height":1279},{"@type":"BreadcrumbList","@id":"https:\/\/financialandlegalconsultant.com\/contactenos\/#breadcrumb","itemListElement":[{"@type":"ListItem","position":1,"name":"Home","item":"https:\/\/financialandlegalconsultant.com\/"},{"@type":"ListItem","position":2,"name":"Cont\u00e1ctenos"}]},{"@type":"WebSite","@id":"https:\/\/financialandlegalconsultant.com\/#website","url":"https:\/\/financialandlegalconsultant.com\/","name":"Financial and Legal Consultants","description":"Financial Services in Panama","potentialAction":[{"@type":"SearchAction","target":{"@type":"EntryPoint","urlTemplate":"https:\/\/financialandlegalconsultant.com\/?s={search_term_string}"},"query-input":{"@type":"PropertyValueSpecification","valueRequired":true,"valueName":"search_term_string"}}],"inLanguage":"en-US"}]}},"_links":{"self":[{"href":"https:\/\/financialandlegalconsultant.com\/en\/wp-json\/wp\/v2\/pages\/97","targetHints":{"allow":["GET"]}}],"collection":[{"href":"https:\/\/financialandlegalconsultant.com\/en\/wp-json\/wp\/v2\/pages"}],"about":[{"href":"https:\/\/financialandlegalconsultant.com\/en\/wp-json\/wp\/v2\/types\/page"}],"author":[{"embeddable":true,"href":"https:\/\/financialandlegalconsultant.com\/en\/wp-json\/wp\/v2\/users\/1"}],"replies":[{"embeddable":true,"href":"https:\/\/financialandlegalconsultant.com\/en\/wp-json\/wp\/v2\/comments?post=97"}],"version-history":[{"count":5,"href":"https:\/\/financialandlegalconsultant.com\/en\/wp-json\/wp\/v2\/pages\/97\/revisions"}],"predecessor-version":[{"id":5018,"href":"https:\/\/financialandlegalconsultant.com\/en\/wp-json\/wp\/v2\/pages\/97\/revisions\/5018"}],"wp:featuredmedia":[{"embeddable":true,"href":"https:\/\/financialandlegalconsultant.com\/en\/wp-json\/wp\/v2\/media\/730"}],"wp:attachment":[{"href":"https:\/\/financialandlegalconsultant.com\/en\/wp-json\/wp\/v2\/media?parent=97"}],"curies":[{"name":"wp","href":"https:\/\/api.w.org\/{rel}","templated":true}]}}